{"id":14,"date":"2023-11-20T13:59:58","date_gmt":"2023-11-20T13:59:58","guid":{"rendered":"https:\/\/desc-project.eu\/?page_id=14"},"modified":"2023-11-21T13:34:51","modified_gmt":"2023-11-21T12:34:51","slug":"project-partners","status":"publish","type":"page","link":"https:\/\/desc-project.eu\/index.php\/project-partners\/","title":{"rendered":"Project Partners"},"content":{"rendered":"\n<ul class=\"wp-block-list\">\n<li>QUEST (BE)<\/li>\n\n\n\n<li>GO! Basisschool Carolus Magnus Schaarbeek (BE)<\/li>\n\n\n\n<li>Stedelijke basisschool Omnimundo, Antwerpen (BE)<\/li>\n\n\n\n<li>OU \u201cNicola Vaptsarov\u201d (BG)<\/li>\n\n\n\n<li>Community for Democratic Education (BG)<\/li>\n\n\n\n<li>Varstu Kool (EE)<\/li>\n\n\n\n<li>MT\u00dc S\u00e4nna Kultuurim\u00f5is (EE)<\/li>\n\n\n\n<li>UNIVERSIDAD DE LA LAGUNA (ES)<\/li>\n\n\n\n<li>Instituto Comprensivo Carducci di Busca (IT)<\/li>\n\n\n\n<li>io vivo dentro di me (IT)<\/li>\n<\/ul>\n\n\n\n<div class=\"wp-block-columns is-layout-flex wp-container-core-columns-is-layout-28f84493 wp-block-columns-is-layout-flex\">\n<div class=\"wp-block-column is-layout-flow wp-block-column-is-layout-flow\" style=\"flex-basis:66.66%\">\n<figure class=\"wp-block-image size-full\"><img decoding=\"async\" src=\"https:\/\/demo-schools.net\/wp-content\/uploads\/2023\/10\/Partners.png\" alt=\"\" class=\"wp-image-18\"\/><\/figure>\n<\/div>\n\n\n\n<div class=\"wp-block-column is-layout-flow wp-block-column-is-layout-flow\" style=\"flex-basis:33.33%\">\n<figure class=\"wp-block-image size-full is-resized\"><img decoding=\"async\" src=\"https:\/\/demo-schools.net\/wp-content\/uploads\/2023\/10\/Schermafbeelding-2023-03-08-om-13.58.22-1024x410-1.png\" alt=\"\" class=\"wp-image-19\" style=\"width:348px;height:139px\"\/><\/figure>\n<\/div>\n<\/div>\n","protected":false},"excerpt":{"rendered":"","protected":false},"author":1,"featured_media":0,"parent":0,"menu_order":0,"comment_status":"closed","ping_status":"closed","template":"","meta":{"footnotes":""},"class_list":["post-14","page","type-page","status-publish","hentry"],"_links":{"self":[{"href":"https:\/\/desc-project.eu\/index.php\/wp-json\/wp\/v2\/pages\/14","targetHints":{"allow":["GET"]}}],"collection":[{"href":"https:\/\/desc-project.eu\/index.php\/wp-json\/wp\/v2\/pages"}],"about":[{"href":"https:\/\/desc-project.eu\/index.php\/wp-json\/wp\/v2\/types\/page"}],"author":[{"embeddable":true,"href":"https:\/\/desc-project.eu\/index.php\/wp-json\/wp\/v2\/users\/1"}],"replies":[{"embeddable":true,"href":"https:\/\/desc-project.eu\/index.php\/wp-json\/wp\/v2\/comments?post=14"}],"version-history":[{"count":3,"href":"https:\/\/desc-project.eu\/index.php\/wp-json\/wp\/v2\/pages\/14\/revisions"}],"predecessor-version":[{"id":44,"href":"https:\/\/desc-project.eu\/index.php\/wp-json\/wp\/v2\/pages\/14\/revisions\/44"}],"wp:attachment":[{"href":"https:\/\/desc-project.eu\/index.php\/wp-json\/wp\/v2\/media?parent=14"}],"curies":[{"name":"wp","href":"https:\/\/api.w.org\/{rel}","templated":true}]}}